    {"id":6,"date":"2026-02-09T12:12:17","date_gmt":"2026-02-09T12:12:17","guid":{"rendered":"https:\/\/risevora.com\/?page_id=6"},"modified":"2026-02-11T19:14:01","modified_gmt":"2026-02-11T19:14:01","slug":"about-us","status":"publish","type":"page","link":"https:\/\/risevora.com\/de\/about-us\/","title":{"rendered":"\u00dcber uns"},"content":{"rendered":"<p>Willkommen bei <strong>Risevora<\/strong>Wir sind eine leidenschaftliche Online-Plattform, die sich zum Ziel gesetzt hat, Menschen durch hochwertige Inhalte, Expertenwissen und praktische Ratschl\u00e4ge zu einem ges\u00fcnderen, st\u00e4rkeren und aktiveren Leben zu verhelfen.<\/p>\n\n\n\n<p>Wir bei Risevora glauben, dass jeder seine Fitness verbessern kann, unabh\u00e4ngig vom Ausgangspunkt. Unsere Mission ist es, \u2026 <strong>zuverl\u00e4ssige, ansprechende und umsetzbare Informationen<\/strong> Das erm\u00f6glicht es Ihnen, intelligenter zu trainieren, aktiv zu leben und bei jedem Schritt motiviert zu bleiben.<\/p>\n\n\n\n<hr class=\"wp-block-separator has-alpha-channel-opacity\" \/>\n\n\n\n<h3 class=\"wp-block-heading\">Wer wir sind<\/h3>\n\n\n\n<p>Risevora wurde von einem Team aus Fitnessbegeisterten und Lifestyle-Autoren gegr\u00fcndet, die den Bedarf an klaren, praktischen Ratgebern erkannten, die sich von der Informationsflut abheben. Wir haben es uns zum Ziel gesetzt, unseren Lesern zu helfen, ihre k\u00f6rperliche Gesundheit, ihr Training und ihr t\u00e4gliches Wohlbefinden zu verbessern \u2013 ohne Verwirrung oder R\u00e4tselraten.<\/p>\n\n\n\n<hr class=\"wp-block-separator has-alpha-channel-opacity\" \/>\n\n\n\n<h3 class=\"wp-block-heading\">Unser Angebot<\/h3>\n\n\n\n<p>Auf Risevora finden Sie gut recherchierte, leicht verst\u00e4ndliche Inhalte in verschiedenen Kernkategorien, die Ihre Fitness- und Lifestyle-Ziele unterst\u00fctzen:<\/p>\n\n\n\n<ul>\n<li><strong>Sportliche Aktivit\u00e4ten<\/strong> \u2014 Tipps, Techniken und Inspiration f\u00fcr alle Arten von sportlichen Aktivit\u00e4ten, egal ob Sie gerade erst anfangen oder auf einem h\u00f6heren Niveau trainieren.<\/li>\n\n\n\n<li><strong>Intelligentes Training<\/strong> \u2014 Intelligente, wissenschaftlich fundierte Trainingsstrategien, die Ihnen helfen, effektiver zu trainieren und h\u00e4ufige Fehler zu vermeiden.<\/li>\n\n\n\n<li><strong>Aktive Routine<\/strong> \u2014 Praktische Tipps, wie Sie regelm\u00e4\u00dfige Bewegungsgewohnheiten in Ihren Alltag integrieren k\u00f6nnen, einschlie\u00dflich Trainingspl\u00e4nen, die sich f\u00fcr zu Hause, das Fitnessstudio oder Reisen eignen.<\/li>\n\n\n\n<li><strong>Erholung<\/strong> \u2014 Hinweise zu Ruhe, Erholungsmethoden, Verletzungspr\u00e4vention und wie Sie Ihren K\u00f6rper f\u00fcr langfristige Leistungsf\u00e4higkeit optimieren k\u00f6nnen.<\/li>\n\n\n\n<li><strong>Aktiver Lebensstil<\/strong> \u2014 Weiter gefasste Lifestyle-Inhalte, die Fitness erg\u00e4nzen \u2013 wie Wellness, Motivation und Tipps f\u00fcr ein gesundes Leben.<\/li>\n<\/ul>\n\n\n\n<hr class=\"wp-block-separator has-alpha-channel-opacity\" \/>\n\n\n\n<h3 class=\"wp-block-heading\">Unsere Mission<\/h3>\n\n\n\n<p>Wir werden von einer einfachen Mission angetrieben: <strong>Fitness und ein gesunder Lebensstil f\u00fcr alle zug\u00e4nglich machen<\/strong>Unabh\u00e4ngig von Alter, Erfahrung oder Herkunft m\u00f6chten wir Ihre verl\u00e4ssliche Informationsquelle sein, die inspiriert, informiert und Ihnen hilft, echte Ergebnisse zu erzielen.<\/p>\n\n\n\n<hr class=\"wp-block-separator has-alpha-channel-opacity\" \/>\n\n\n\n<h3 class=\"wp-block-heading\">Warum Risevora existiert<\/h3>\n\n\n\n<p>Wir verstehen, wie \u00fcberw\u00e4ltigend Fitnessinhalte im Internet sein k\u00f6nnen. Deshalb setzen wir auf Qualit\u00e4t statt Quantit\u00e4t \u2013 wir bieten Artikel an, die\u2026 <strong>Gut recherchiert, klar erkl\u00e4rt und wirklich n\u00fctzlich<\/strong>Unser Ziel ist es, Sie dabei zu unterst\u00fctzen, bessere Gewohnheiten zu entwickeln, konsequent zu bleiben und sich auf Ihrem Weg zu einem aktiveren Leben sicher zu f\u00fchlen.<\/p>\n\n\n\n<hr class=\"wp-block-separator has-alpha-channel-opacity\" \/>\n\n\n\n<h3 class=\"wp-block-heading\">Treten Sie unserer Community bei!<\/h3>\n\n\n\n<p>Vielen Dank f\u00fcr Ihren Besuch bei Risevora! Egal, ob Sie hier sind, um etwas Neues zu lernen, Ihr Fitnesswissen zu vertiefen oder einfach nur Motivation zu finden \u2013 wir freuen uns, dass Sie Teil unserer Community sind. St\u00f6bern Sie in unseren Artikeln, folgen Sie Ihren Lieblingskategorien und lassen Sie uns wissen, wie wir Sie bei Ihren Zielen unterst\u00fctzen k\u00f6nnen.<\/p>","protected":false},"excerpt":{"rendered":"<p>Welcome to Risevora! We\u2019re a passionate online platform dedicated to helping people lead healthier, stronger, and more active lives through high-quality content, expert insights, and practical advice. At Risevora, we believe that everyone can improve their fitness journey, no matter their starting point. Our mission is to provide reliable, engaging, and actionable information that empowers [&hellip;]<\/p>","protected":false},"author":267,"featured_media":0,"parent":0,"menu_order":0,"comment_status":"closed","ping_status":"closed","template":"","meta":{"footnotes":""},"_links":{"self":[{"href":"https:\/\/risevora.com\/de\/wp-json\/wp\/v2\/pages\/6"}],"collection":[{"href":"https:\/\/risevora.com\/de\/wp-json\/wp\/v2\/pages"}],"about":[{"href":"https:\/\/risevora.com\/de\/wp-json\/wp\/v2\/types\/page"}],"author":[{"embeddable":true,"href":"https:\/\/risevora.com\/de\/wp-json\/wp\/v2\/users\/267"}],"replies":[{"embeddable":true,"href":"https:\/\/risevora.com\/de\/wp-json\/wp\/v2\/comments?post=6"}],"version-history":[{"count":2,"href":"https:\/\/risevora.com\/de\/wp-json\/wp\/v2\/pages\/6\/revisions"}],"predecessor-version":[{"id":697,"href":"https:\/\/risevora.com\/de\/wp-json\/wp\/v2\/pages\/6\/revisions\/697"}],"wp:attachment":[{"href":"https:\/\/risevora.com\/de\/wp-json\/wp\/v2\/media?parent=6"}],"curies":[{"name":"wp","href":"https:\/\/api.w.org\/{rel}","templated":true}]}}