    {"id":671,"date":"2026-02-09T12:16:39","date_gmt":"2026-02-09T12:16:39","guid":{"rendered":"https:\/\/risevora.com\/?page_id=671"},"modified":"2026-02-11T19:17:46","modified_gmt":"2026-02-11T19:17:46","slug":"privacy-policy","status":"publish","type":"page","link":"https:\/\/risevora.com\/de\/privacy-policy\/","title":{"rendered":"Datenschutzrichtlinie"},"content":{"rendered":"<p>Willkommen bei <strong>Risevora<\/strong>Der Schutz Ihrer Daten ist uns wichtig. Diese Datenschutzerkl\u00e4rung erl\u00e4utert, wie wir Informationen erfassen, verwenden, sch\u00fctzen und weitergeben, wenn Sie unsere Website besuchen oder mit ihr interagieren.<\/p>\n\n\n\n<p>Durch den Zugriff auf oder die Nutzung von Risevora stimmen Sie den in dieser Datenschutzerkl\u00e4rung dargelegten Bedingungen zu.<\/p>\n\n\n\n<hr class=\"wp-block-separator has-alpha-channel-opacity\" \/>\n\n\n\n<h2 class=\"wp-block-heading\">1. Informationen, die wir sammeln<\/h2>\n\n\n\n<p>Wir k\u00f6nnen Informationen auf folgende Weise erfassen:<\/p>\n\n\n\n<h3 class=\"wp-block-heading\">Informationen, die Sie freiwillig angeben<\/h3>\n\n\n\n<ul>\n<li>Name und E-Mail-Adresse (f\u00fcr Newsletter oder Kontaktformulare)<\/li>\n\n\n\n<li>Alle Informationen, die Sie uns bei der Kontaktaufnahme \u00fcbermitteln<\/li>\n\n\n\n<li>Kommentare oder andere nutzergenerierte Inhalte<\/li>\n<\/ul>\n\n\n\n<h3 class=\"wp-block-heading\">Automatisch erfasste Informationen<\/h3>\n\n\n\n<p>Wenn Sie auf Risevora zugreifen, erfassen wir m\u00f6glicherweise automatisch folgende Daten:<\/p>\n\n\n\n<ul>\n<li>IP-Adresse<\/li>\n\n\n\n<li>Browsertyp und -version<\/li>\n\n\n\n<li>Ger\u00e4teinformationen<\/li>\n\n\n\n<li>Besuchte Seiten und Verweildauer<\/li>\n\n\n\n<li>Verweis-\/Ausgangsseiten<\/li>\n\n\n\n<li>Allgemeiner geografischer Standort (basierend auf der IP-Adresse)<\/li>\n<\/ul>\n\n\n\n<p>Diese Informationen helfen uns, die Leistung der Website und die Benutzererfahrung zu verbessern.<\/p>\n\n\n\n<hr class=\"wp-block-separator has-alpha-channel-opacity\" \/>\n\n\n\n<h2 class=\"wp-block-heading\">2. Wie wir Ihre Daten verwenden<\/h2>\n\n\n\n<p>Wir k\u00f6nnen die gesammelten Informationen verwenden, um:<\/p>\n\n\n\n<ul>\n<li>Betreiben und pflegen Sie die Website<\/li>\n\n\n\n<li>Inhalte und Benutzererfahrung verbessern<\/li>\n\n\n\n<li>Auf Anfragen und Nachrichten antworten<\/li>\n\n\n\n<li>Newsletter versenden (falls abonniert)<\/li>\n\n\n\n<li>Website-Performance analysieren<\/li>\n\n\n\n<li>Display-Werbung<\/li>\n<\/ul>\n\n\n\n<p>Wir tun es. <strong>Wir verkaufen keine pers\u00f6nlichen Daten<\/strong> an Dritte.<\/p>\n\n\n\n<hr class=\"wp-block-separator has-alpha-channel-opacity\" \/>\n\n\n\n<h2 class=\"wp-block-heading\">3. Cookies und Tracking-Technologien<\/h2>\n\n\n\n<p>Risevora verwendet Cookies und \u00e4hnliche Technologien, um:<\/p>\n\n\n\n<ul>\n<li>Benutzereinstellungen speichern<\/li>\n\n\n\n<li>Besucherverhalten verstehen<\/li>\n\n\n\n<li>Verbesserung der Website-Funktionalit\u00e4t<\/li>\n\n\n\n<li>Werbedienstleistungen unterst\u00fctzen<\/li>\n<\/ul>\n\n\n\n<p>Sie k\u00f6nnen Cookies in Ihren Browsereinstellungen deaktivieren. Beachten Sie jedoch, dass einige Funktionen der Website m\u00f6glicherweise nicht ordnungsgem\u00e4\u00df funktionieren, wenn Cookies deaktiviert sind.<\/p>\n\n\n\n<hr class=\"wp-block-separator has-alpha-channel-opacity\" \/>\n\n\n\n<h2 class=\"wp-block-heading\">4. Werbung &amp; Google-Anzeigenpersonalisierung<\/h2>\n\n\n\n<p>Risevora arbeitet mit Werbepartnern, darunter Google, zusammen, um Anzeigen zu schalten.<\/p>\n\n\n\n<p>Google und seine Partner verwenden m\u00f6glicherweise Cookies und \u00e4hnliche Technologien, um Werbung auf der Grundlage der Interessen und des Surfverhaltens der Nutzer zu personalisieren.<\/p>\n\n\n\n<p>Wenn Sie personalisierte Werbung deaktivieren m\u00f6chten, k\u00f6nnen Sie dies \u00fcber die offiziellen Tools von Google tun:<\/p>\n\n\n\n<ul>\n<li>Google-Anzeigeneinstellungen:<br><a href=\"https:\/\/myadcenter.google.com\/personalizationoff?sasb=true&amp;ref=ad-settings\">https:\/\/myadcenter.google.com\/personalizationoff?sasb=true&amp;ref=ad-settings<\/a><\/li>\n\n\n\n<li>Google-Anzeigenpersonalisierungskontrolle:<br><a href=\"https:\/\/myadcenter.google.com\/personalizationoff\">https:\/\/myadcenter.google.com\/personalizationoff<\/a><\/li>\n<\/ul>\n\n\n\n<p>Auf diesen Seiten k\u00f6nnen Sie Ihre Einstellungen f\u00fcr personalisierte Werbung verwalten oder deaktivieren.<\/p>\n\n\n\n<hr class=\"wp-block-separator has-alpha-channel-opacity\" \/>\n\n\n\n<h2 class=\"wp-block-heading\">5. Dienste von Drittanbietern<\/h2>\n\n\n\n<p>Wir k\u00f6nnen Dienste von Drittanbietern nutzen, wie zum Beispiel:<\/p>\n\n\n\n<ul>\n<li>Google Analytics (zur Traffic-Analyse)<\/li>\n\n\n\n<li>Werbenetzwerke<\/li>\n\n\n\n<li>E-Mail-Marketing-Anbieter<\/li>\n<\/ul>\n\n\n\n<p>Diese Drittanbieter k\u00f6nnen Daten gem\u00e4\u00df ihren eigenen Datenschutzrichtlinien erheben, speichern und verarbeiten. Risevora ist nicht f\u00fcr die Datenschutzpraktiken externer Anbieter verantwortlich.<\/p>\n\n\n\n<hr class=\"wp-block-separator has-alpha-channel-opacity\" \/>\n\n\n\n<h2 class=\"wp-block-heading\">6. Externe Links<\/h2>\n\n\n\n<p>Risevora kann Links zu Webseiten Dritter enthalten. Wir sind nicht verantwortlich f\u00fcr die Inhalte, Richtlinien oder Praktiken dieser Webseiten. Wir empfehlen, deren Datenschutzrichtlinien separat zu lesen.<\/p>\n\n\n\n<hr class=\"wp-block-separator has-alpha-channel-opacity\" \/>\n\n\n\n<h2 class=\"wp-block-heading\">7. Datenschutz und Datensicherheit<\/h2>\n\n\n\n<p>Wir setzen wirtschaftlich angemessene technische und organisatorische Ma\u00dfnahmen ein, um Ihre personenbezogenen Daten zu sch\u00fctzen. Allerdings ist keine \u00dcbertragungsmethode \u00fcber das Internet hundertprozentig sicher.<\/p>\n\n\n\n<hr class=\"wp-block-separator has-alpha-channel-opacity\" \/>\n\n\n\n<h2 class=\"wp-block-heading\">8. Datenschutz f\u00fcr Kinder<\/h2>\n\n\n\n<p>Risevora erhebt wissentlich keine personenbezogenen Daten von Kindern unter 13 Jahren. Sollten wir Kenntnis davon erlangen, dass solche Daten erhoben wurden, werden wir Ma\u00dfnahmen ergreifen, um diese zu l\u00f6schen.<\/p>\n\n\n\n<hr class=\"wp-block-separator has-alpha-channel-opacity\" \/>\n\n\n\n<h2 class=\"wp-block-heading\">9. Ihre Rechte<\/h2>\n\n\n\n<p>Je nach Ihrem Standort haben Sie m\u00f6glicherweise das Recht auf:<\/p>\n\n\n\n<ul>\n<li>Greifen Sie auf Ihre pers\u00f6nlichen Daten zu<\/li>\n\n\n\n<li>Berichtigung oder L\u00f6schung beantragen<\/li>\n\n\n\n<li>Einwilligung widerrufen<\/li>\n\n\n\n<li>Personalisierte Werbung deaktivieren<\/li>\n<\/ul>\n\n\n\n<p>Um Ihre Rechte auszu\u00fcben, kontaktieren Sie uns bitte \u00fcber unsere Website.<\/p>\n\n\n\n<hr class=\"wp-block-separator has-alpha-channel-opacity\" \/>\n\n\n\n<h2 class=\"wp-block-heading\">10. \u00c4nderungen dieser Richtlinie<\/h2>\n\n\n\n<p>Wir k\u00f6nnen diese Datenschutzrichtlinie jederzeit aktualisieren. Aktualisierungen werden im Datum \u201eLetzte Aktualisierung\u201c oben auf dieser Seite angezeigt.<\/p>\n\n\n\n<p>Die weitere Nutzung von Risevora nach den \u00c4nderungen bedeutet, dass Sie die ge\u00e4nderte Richtlinie akzeptieren.<\/p>","protected":false},"excerpt":{"rendered":"<p>Welcome to Risevora. Your privacy is important to us. This Privacy Policy explains how we collect, use, protect, and disclose information when you visit or interact with our website. By accessing or using Risevora, you agree to the terms outlined in this Privacy Policy. 1. Information We Collect We may collect information in the following [&hellip;]<\/p>","protected":false},"author":267,"featured_media":0,"parent":0,"menu_order":0,"comment_status":"closed","ping_status":"closed","template":"","meta":{"footnotes":""},"_links":{"self":[{"href":"https:\/\/risevora.com\/de\/wp-json\/wp\/v2\/pages\/671"}],"collection":[{"href":"https:\/\/risevora.com\/de\/wp-json\/wp\/v2\/pages"}],"about":[{"href":"https:\/\/risevora.com\/de\/wp-json\/wp\/v2\/types\/page"}],"author":[{"embeddable":true,"href":"https:\/\/risevora.com\/de\/wp-json\/wp\/v2\/users\/267"}],"replies":[{"embeddable":true,"href":"https:\/\/risevora.com\/de\/wp-json\/wp\/v2\/comments?post=671"}],"version-history":[{"count":2,"href":"https:\/\/risevora.com\/de\/wp-json\/wp\/v2\/pages\/671\/revisions"}],"predecessor-version":[{"id":699,"href":"https:\/\/risevora.com\/de\/wp-json\/wp\/v2\/pages\/671\/revisions\/699"}],"wp:attachment":[{"href":"https:\/\/risevora.com\/de\/wp-json\/wp\/v2\/media?parent=671"}],"curies":[{"name":"wp","href":"https:\/\/api.w.org\/{rel}","templated":true}]}}