    {"id":10,"date":"2026-02-09T12:11:48","date_gmt":"2026-02-09T12:11:48","guid":{"rendered":"https:\/\/risevora.com\/?page_id=10"},"modified":"2026-02-09T12:11:49","modified_gmt":"2026-02-09T12:11:49","slug":"contact-us","status":"publish","type":"page","link":"https:\/\/risevora.com\/es\/contact-us\/","title":{"rendered":"Cont\u00e1ctenos"},"content":{"rendered":"<p>Bienvenido a nuestra p\u00e1gina de Contacto. Aqu\u00ed puede encontrar ayuda o informaci\u00f3n. Ofrecemos asistencia r\u00e1pida y profesional, y le facilitamos contactarnos.<\/p>\n\n\n\n<p>\u00bfNecesitas contactarnos r\u00e1pidamente? Env\u00eda un correo electr\u00f3nico, llama o abre un ticket de soporte. Encontrar\u00e1s todos los datos de contacto que necesitas en esta p\u00e1gina. Es f\u00e1cil contactar con nuestro centro de ayuda y atenci\u00f3n al cliente.<\/p>\n\n\n\n<h2 class=\"wp-block-heading\">contacto@risevora.com<\/h2>\n\n\n\n<p>Puede esperar una respuesta r\u00e1pida durante nuestras horas de soporte.<\/p>\n\n\n\n<p><\/p>","protected":false},"excerpt":{"rendered":"<p>Welcome to our Contact Us page. It&#8217;s where you can find help or information. We offer quick, professional support and make it easy to reach us. Need to get in touch fast? Email, call, or open a support ticket. You&#8217;ll find all the contact details you need on this page. It&#8217;s easy to reach our [&hellip;]<\/p>","protected":false},"author":267,"featured_media":0,"parent":0,"menu_order":0,"comment_status":"closed","ping_status":"closed","template":"","meta":{"footnotes":""},"_links":{"self":[{"href":"https:\/\/risevora.com\/es\/wp-json\/wp\/v2\/pages\/10"}],"collection":[{"href":"https:\/\/risevora.com\/es\/wp-json\/wp\/v2\/pages"}],"about":[{"href":"https:\/\/risevora.com\/es\/wp-json\/wp\/v2\/types\/page"}],"author":[{"embeddable":true,"href":"https:\/\/risevora.com\/es\/wp-json\/wp\/v2\/users\/267"}],"replies":[{"embeddable":true,"href":"https:\/\/risevora.com\/es\/wp-json\/wp\/v2\/comments?post=10"}],"version-history":[{"count":1,"href":"https:\/\/risevora.com\/es\/wp-json\/wp\/v2\/pages\/10\/revisions"}],"predecessor-version":[{"id":669,"href":"https:\/\/risevora.com\/es\/wp-json\/wp\/v2\/pages\/10\/revisions\/669"}],"wp:attachment":[{"href":"https:\/\/risevora.com\/es\/wp-json\/wp\/v2\/media?parent=10"}],"curies":[{"name":"wp","href":"https:\/\/api.w.org\/{rel}","templated":true}]}}