    {"id":6,"date":"2026-02-09T12:12:17","date_gmt":"2026-02-09T12:12:17","guid":{"rendered":"https:\/\/risevora.com\/?page_id=6"},"modified":"2026-02-11T19:14:01","modified_gmt":"2026-02-11T19:14:01","slug":"about-us","status":"publish","type":"page","link":"https:\/\/risevora.com\/es\/about-us\/","title":{"rendered":"Sobre nosotros"},"content":{"rendered":"<p>Bienvenido a <strong>Risevora<\/strong>Somos una plataforma en l\u00ednea apasionada dedicada a ayudar a las personas a llevar una vida m\u00e1s sana, m\u00e1s fuerte y m\u00e1s activa mediante contenido de alta calidad, perspectivas de expertos y consejos pr\u00e1cticos.<\/p>\n\n\n\n<p>En Risevora, creemos que todos pueden mejorar su trayectoria de acondicionamiento f\u00edsico, sin importar su punto de partida. Nuestra misi\u00f3n es brindar... <strong>Informaci\u00f3n confiable, atractiva y procesable<\/strong> que te permite entrenar de forma m\u00e1s inteligente, vivir activamente y mantenerte motivado en cada paso del camino.<\/p>\n\n\n\n<hr class=\"wp-block-separator has-alpha-channel-opacity\" \/>\n\n\n\n<h3 class=\"wp-block-heading\">Quienes somos<\/h3>\n\n\n\n<p>Risevora fue creada por un equipo de entusiastas del fitness y escritores de estilo de vida que vieron la necesidad de gu\u00edas claras y pr\u00e1cticas que trascendieran la rutina. Nos comprometemos a ayudar a nuestra audiencia a mejorar su salud f\u00edsica, sus rutinas de entrenamiento y su bienestar diario, sin confusiones ni conjeturas.<\/p>\n\n\n\n<hr class=\"wp-block-separator has-alpha-channel-opacity\" \/>\n\n\n\n<h3 class=\"wp-block-heading\">Lo que ofrecemos<\/h3>\n\n\n\n<p>En Risevora, encontrar\u00e1s contenido bien investigado y f\u00e1cil de seguir en varias categor\u00edas principales que respaldan tus objetivos de fitness y estilo de vida:<\/p>\n\n\n\n<ul>\n<li><strong>Actividades atl\u00e9ticas<\/strong> \u2014 Consejos, t\u00e9cnicas e inspiraci\u00f3n para todo tipo de actividades deportivas, ya sea que est\u00e9s comenzando o entrenando a un nivel superior.<\/li>\n\n\n\n<li><strong>Entrenamiento inteligente<\/strong> \u2014 Estrategias de entrenamiento inteligentes respaldadas por la ciencia para ayudarte a entrenar de forma m\u00e1s efectiva y evitar errores comunes.<\/li>\n\n\n\n<li><strong>Rutina activa<\/strong> \u2014 Consejos pr\u00e1cticos para incorporar h\u00e1bitos de movimiento regulares a su vida diaria, incluidos entrenamientos que se adapten a sus horarios en casa, en el gimnasio o de viaje.<\/li>\n\n\n\n<li><strong>Recuperaci\u00f3n<\/strong> \u2014 Orientaci\u00f3n sobre descanso, m\u00e9todos de recuperaci\u00f3n, prevenci\u00f3n de lesiones y c\u00f3mo optimizar su cuerpo para un rendimiento a largo plazo.<\/li>\n\n\n\n<li><strong>Estilo de vida activo<\/strong> \u2014 Contenido de estilo de vida m\u00e1s amplio que complementa el fitness, como bienestar, motivaci\u00f3n y consejos para una vida saludable.<\/li>\n<\/ul>\n\n\n\n<hr class=\"wp-block-separator has-alpha-channel-opacity\" \/>\n\n\n\n<h3 class=\"wp-block-heading\">Nuestra misi\u00f3n<\/h3>\n\n\n\n<p>Nos mueve una misi\u00f3n sencilla: <strong>Hacer que el fitness y la vida saludable sean accesibles para todos<\/strong>Sin importar la edad, la experiencia o los antecedentes, queremos ser tu fuente de confianza para obtener informaci\u00f3n que te inspire, te informe y te ayude a lograr resultados reales.<\/p>\n\n\n\n<hr class=\"wp-block-separator has-alpha-channel-opacity\" \/>\n\n\n\n<h3 class=\"wp-block-heading\">\u00bfPor qu\u00e9 existe Risevora?<\/h3>\n\n\n\n<p>Entendemos lo abrumador que puede ser el contenido de fitness en l\u00ednea. Por eso priorizamos la calidad sobre la cantidad: ofrecemos art\u00edculos que... <strong>Bien investigado, claramente explicado y realmente \u00fatil.<\/strong>Nuestro objetivo es ayudarte a desarrollar mejores h\u00e1bitos, mantener la constancia y sentirte seguro en tu camino hacia una vida m\u00e1s activa.<\/p>\n\n\n\n<hr class=\"wp-block-separator has-alpha-channel-opacity\" \/>\n\n\n\n<h3 class=\"wp-block-heading\">\u00danase a nuestra comunidad<\/h3>\n\n\n\n<p>\u00a1Gracias por visitar Risevora! Ya sea que est\u00e9s aqu\u00ed para aprender algo nuevo, profundizar tus conocimientos de fitness o simplemente encontrar motivaci\u00f3n, nos alegra que formes parte de nuestra comunidad. Explora nuestros art\u00edculos, sigue tus categor\u00edas favoritas y cu\u00e9ntanos c\u00f3mo podemos ayudarte a alcanzar tus objetivos.<\/p>","protected":false},"excerpt":{"rendered":"<p>Welcome to Risevora! We\u2019re a passionate online platform dedicated to helping people lead healthier, stronger, and more active lives through high-quality content, expert insights, and practical advice. At Risevora, we believe that everyone can improve their fitness journey, no matter their starting point. Our mission is to provide reliable, engaging, and actionable information that empowers [&hellip;]<\/p>","protected":false},"author":267,"featured_media":0,"parent":0,"menu_order":0,"comment_status":"closed","ping_status":"closed","template":"","meta":{"footnotes":""},"_links":{"self":[{"href":"https:\/\/risevora.com\/es\/wp-json\/wp\/v2\/pages\/6"}],"collection":[{"href":"https:\/\/risevora.com\/es\/wp-json\/wp\/v2\/pages"}],"about":[{"href":"https:\/\/risevora.com\/es\/wp-json\/wp\/v2\/types\/page"}],"author":[{"embeddable":true,"href":"https:\/\/risevora.com\/es\/wp-json\/wp\/v2\/users\/267"}],"replies":[{"embeddable":true,"href":"https:\/\/risevora.com\/es\/wp-json\/wp\/v2\/comments?post=6"}],"version-history":[{"count":2,"href":"https:\/\/risevora.com\/es\/wp-json\/wp\/v2\/pages\/6\/revisions"}],"predecessor-version":[{"id":697,"href":"https:\/\/risevora.com\/es\/wp-json\/wp\/v2\/pages\/6\/revisions\/697"}],"wp:attachment":[{"href":"https:\/\/risevora.com\/es\/wp-json\/wp\/v2\/media?parent=6"}],"curies":[{"name":"wp","href":"https:\/\/api.w.org\/{rel}","templated":true}]}}