    {"id":6,"date":"2026-02-09T12:12:17","date_gmt":"2026-02-09T12:12:17","guid":{"rendered":"https:\/\/risevora.com\/?page_id=6"},"modified":"2026-02-11T19:14:01","modified_gmt":"2026-02-11T19:14:01","slug":"about-us","status":"publish","type":"page","link":"https:\/\/risevora.com\/fr\/about-us\/","title":{"rendered":"\u00c0 propos de nous"},"content":{"rendered":"<p>Bienvenue sur <strong>Risevora<\/strong>Nous sommes une plateforme en ligne passionn\u00e9e, d\u00e9di\u00e9e \u00e0 aider les gens \u00e0 mener une vie plus saine, plus forte et plus active gr\u00e2ce \u00e0 un contenu de haute qualit\u00e9, des analyses d&#039;experts et des conseils pratiques.<\/p>\n\n\n\n<p>Chez Risevora, nous croyons que chacun peut am\u00e9liorer sa condition physique, quel que soit son point de d\u00e9part. Notre mission est de fournir <strong>des informations fiables, attrayantes et exploitables<\/strong> qui vous permet de vous entra\u00eener plus intelligemment, de vivre activement et de rester motiv\u00e9 \u00e0 chaque \u00e9tape.<\/p>\n\n\n\n<hr class=\"wp-block-separator has-alpha-channel-opacity\" \/>\n\n\n\n<h3 class=\"wp-block-heading\">Qui sommes-nous ?<\/h3>\n\n\n\n<p>Risevora a \u00e9t\u00e9 cr\u00e9\u00e9 par une \u00e9quipe de passionn\u00e9s de fitness et de r\u00e9dacteurs sp\u00e9cialis\u00e9s dans le bien-\u00eatre, qui ont constat\u00e9 un besoin en guides clairs et pratiques, allant \u00e0 l&#039;essentiel. Nous nous engageons \u00e0 aider notre public \u00e0 am\u00e9liorer sa sant\u00e9 physique, ses programmes d&#039;entra\u00eenement et son bien-\u00eatre au quotidien, en toute simplicit\u00e9.<\/p>\n\n\n\n<hr class=\"wp-block-separator has-alpha-channel-opacity\" \/>\n\n\n\n<h3 class=\"wp-block-heading\">Ce que nous proposons<\/h3>\n\n\n\n<p>Sur Risevora, vous trouverez un contenu bien document\u00e9 et facile \u00e0 suivre, r\u00e9parti dans plusieurs cat\u00e9gories essentielles, qui vous aidera \u00e0 atteindre vos objectifs de forme physique et de style de vie\u00a0:<\/p>\n\n\n\n<ul>\n<li><strong>Activit\u00e9s sportives<\/strong> \u2014 Conseils, techniques et sources d&#039;inspiration pour toutes sortes d&#039;activit\u00e9s sportives, que vous soyez d\u00e9butant ou sportif confirm\u00e9.<\/li>\n\n\n\n<li><strong>Formation intelligente<\/strong> \u2014 Des strat\u00e9gies d&#039;entra\u00eenement intelligentes, fond\u00e9es sur la science, pour vous aider \u00e0 vous entra\u00eener plus efficacement et \u00e0 \u00e9viter les erreurs courantes.<\/li>\n\n\n\n<li><strong>Routine active<\/strong> \u2014 Des conseils pratiques pour int\u00e9grer des habitudes de mouvement r\u00e9guli\u00e8res \u00e0 votre quotidien, y compris des s\u00e9ances d&#039;entra\u00eenement compatibles avec un emploi du temps \u00e0 la maison, en salle de sport ou en voyage.<\/li>\n\n\n\n<li><strong>R\u00e9cup\u00e9ration<\/strong> \u2014 Conseils sur le repos, les m\u00e9thodes de r\u00e9cup\u00e9ration, la pr\u00e9vention des blessures et comment optimiser son corps pour des performances \u00e0 long terme.<\/li>\n\n\n\n<li><strong>Mode de vie actif<\/strong> \u2014 Un contenu plus large sur le mode de vie qui compl\u00e8te le fitness, comme le bien-\u00eatre, la motivation et des conseils pour une vie saine.<\/li>\n<\/ul>\n\n\n\n<hr class=\"wp-block-separator has-alpha-channel-opacity\" \/>\n\n\n\n<h3 class=\"wp-block-heading\">Notre mission<\/h3>\n\n\n\n<p>Nous sommes anim\u00e9s par une mission simple : <strong>rendre le fitness et un mode de vie sain accessibles \u00e0 tous<\/strong>Quels que soient votre \u00e2ge, votre exp\u00e9rience ou votre parcours, nous souhaitons \u00eatre votre source d&#039;information de confiance, source d&#039;inspiration et de conseils pour vous aider \u00e0 obtenir des r\u00e9sultats concrets.<\/p>\n\n\n\n<hr class=\"wp-block-separator has-alpha-channel-opacity\" \/>\n\n\n\n<h3 class=\"wp-block-heading\">Pourquoi Risevora existe<\/h3>\n\n\n\n<p>Nous comprenons \u00e0 quel point le contenu fitness en ligne peut \u00eatre accablant. C&#039;est pourquoi nous privil\u00e9gions la qualit\u00e9 \u00e0 la quantit\u00e9, en proposant des articles qui sont <strong>bien document\u00e9, clairement expliqu\u00e9 et v\u00e9ritablement utile<\/strong>Notre objectif est de vous aider \u00e0 adopter de meilleures habitudes, \u00e0 rester constant et \u00e0 avoir confiance en vous dans votre parcours vers une vie plus active.<\/p>\n\n\n\n<hr class=\"wp-block-separator has-alpha-channel-opacity\" \/>\n\n\n\n<h3 class=\"wp-block-heading\">Rejoignez notre communaut\u00e9<\/h3>\n\n\n\n<p>Merci de votre visite sur Risevora\u00a0! Que vous soyez ici pour apprendre, approfondir vos connaissances en fitness ou simplement trouver l\u2019inspiration, nous sommes ravis de vous compter parmi nous. Explorez nos articles, suivez vos cat\u00e9gories pr\u00e9f\u00e9r\u00e9es et dites-nous comment nous pouvons vous aider \u00e0 atteindre vos objectifs.<\/p>","protected":false},"excerpt":{"rendered":"<p>Welcome to Risevora! We\u2019re a passionate online platform dedicated to helping people lead healthier, stronger, and more active lives through high-quality content, expert insights, and practical advice. At Risevora, we believe that everyone can improve their fitness journey, no matter their starting point. Our mission is to provide reliable, engaging, and actionable information that empowers [&hellip;]<\/p>","protected":false},"author":267,"featured_media":0,"parent":0,"menu_order":0,"comment_status":"closed","ping_status":"closed","template":"","meta":{"footnotes":""},"_links":{"self":[{"href":"https:\/\/risevora.com\/fr\/wp-json\/wp\/v2\/pages\/6"}],"collection":[{"href":"https:\/\/risevora.com\/fr\/wp-json\/wp\/v2\/pages"}],"about":[{"href":"https:\/\/risevora.com\/fr\/wp-json\/wp\/v2\/types\/page"}],"author":[{"embeddable":true,"href":"https:\/\/risevora.com\/fr\/wp-json\/wp\/v2\/users\/267"}],"replies":[{"embeddable":true,"href":"https:\/\/risevora.com\/fr\/wp-json\/wp\/v2\/comments?post=6"}],"version-history":[{"count":2,"href":"https:\/\/risevora.com\/fr\/wp-json\/wp\/v2\/pages\/6\/revisions"}],"predecessor-version":[{"id":697,"href":"https:\/\/risevora.com\/fr\/wp-json\/wp\/v2\/pages\/6\/revisions\/697"}],"wp:attachment":[{"href":"https:\/\/risevora.com\/fr\/wp-json\/wp\/v2\/media?parent=6"}],"curies":[{"name":"wp","href":"https:\/\/api.w.org\/{rel}","templated":true}]}}