    {"id":6,"date":"2026-02-09T12:12:17","date_gmt":"2026-02-09T12:12:17","guid":{"rendered":"https:\/\/risevora.com\/?page_id=6"},"modified":"2026-02-11T19:14:01","modified_gmt":"2026-02-11T19:14:01","slug":"about-us","status":"publish","type":"page","link":"https:\/\/risevora.com\/it\/about-us\/","title":{"rendered":"Chi siamo"},"content":{"rendered":"<p>Benvenuti a <strong>Risevora<\/strong>! Siamo una piattaforma online appassionata, dedicata ad aiutare le persone a condurre una vita pi\u00f9 sana, pi\u00f9 forte e pi\u00f9 attiva attraverso contenuti di alta qualit\u00e0, approfondimenti di esperti e consigli pratici.<\/p>\n\n\n\n<p>Noi di Risevora crediamo che tutti possano migliorare il proprio percorso di fitness, indipendentemente dal punto di partenza. La nostra missione \u00e8 fornire <strong>informazioni affidabili, coinvolgenti e fruibili<\/strong> che ti consente di allenarti in modo pi\u00f9 intelligente, vivere attivamente e restare motivato in ogni fase del percorso.<\/p>\n\n\n\n<hr class=\"wp-block-separator has-alpha-channel-opacity\" \/>\n\n\n\n<h3 class=\"wp-block-heading\">Chi siamo<\/h3>\n\n\n\n<p>Risevora \u00e8 stata creata da un team di appassionati di fitness e scrittori di lifestyle che hanno colto la necessit\u00e0 di guide chiare e pratiche che si distinguessero dalla massa. Ci impegniamo ad aiutare il nostro pubblico a migliorare la propria salute fisica, le routine di allenamento e il benessere quotidiano, senza confusione o congetture.<\/p>\n\n\n\n<hr class=\"wp-block-separator has-alpha-channel-opacity\" \/>\n\n\n\n<h3 class=\"wp-block-heading\">Cosa offriamo<\/h3>\n\n\n\n<p>Su Risevora troverai contenuti ben studiati e facili da seguire, suddivisi in diverse categorie principali, che supportano i tuoi obiettivi di fitness e stile di vita:<\/p>\n\n\n\n<ul>\n<li><strong>Attivit\u00e0 sportive<\/strong> \u2014 Suggerimenti, tecniche e ispirazione per tutti i tipi di attivit\u00e0 sportive, sia che tu stia appena iniziando o che ti stia allenando a un livello pi\u00f9 alto.<\/li>\n\n\n\n<li><strong>Formazione intelligente<\/strong> \u2014 Strategie di allenamento intelligenti supportate dalla scienza per aiutarti ad allenarti in modo pi\u00f9 efficace ed evitare errori comuni.<\/li>\n\n\n\n<li><strong>Routine attiva<\/strong> \u2014 Consigli pratici su come integrare abitudini di movimento regolari nella vita quotidiana, compresi allenamenti adatti agli orari di casa, palestra o viaggio.<\/li>\n\n\n\n<li><strong>Recupero<\/strong> \u2014 Consigli sul riposo, sui metodi di recupero, sulla prevenzione degli infortuni e su come ottimizzare il proprio corpo per prestazioni a lungo termine.<\/li>\n\n\n\n<li><strong>Stile di vita attivo<\/strong> \u2014 Contenuti pi\u00f9 ampi sullo stile di vita che integrano il fitness, come benessere, motivazione e consigli per una vita sana.<\/li>\n<\/ul>\n\n\n\n<hr class=\"wp-block-separator has-alpha-channel-opacity\" \/>\n\n\n\n<h3 class=\"wp-block-heading\">La nostra missione<\/h3>\n\n\n\n<p>Siamo guidati da una missione semplice: <strong>per rendere il fitness e uno stile di vita sano accessibili a tutti<\/strong>, indipendentemente da et\u00e0, esperienza o background. Vogliamo essere la tua fonte di fiducia per informazioni che ti ispirino, ti informino e ti aiutino a raggiungere risultati concreti.<\/p>\n\n\n\n<hr class=\"wp-block-separator has-alpha-channel-opacity\" \/>\n\n\n\n<h3 class=\"wp-block-heading\">Perch\u00e9 esiste Risevora<\/h3>\n\n\n\n<p>Sappiamo quanto possano essere travolgenti i contenuti online sul fitness. Ecco perch\u00e9 ci concentriamo sulla qualit\u00e0 piuttosto che sulla quantit\u00e0, offrendo articoli che siano <strong>ben studiato, spiegato chiaramente e veramente utile<\/strong>Il nostro obiettivo \u00e8 aiutarti a sviluppare abitudini migliori, a rimanere coerente e a sentirti sicuro nel tuo percorso verso una vita pi\u00f9 attiva.<\/p>\n\n\n\n<hr class=\"wp-block-separator has-alpha-channel-opacity\" \/>\n\n\n\n<h3 class=\"wp-block-heading\">Unisciti alla nostra comunit\u00e0<\/h3>\n\n\n\n<p>Grazie per aver visitato Risevora! Che tu sia qui per imparare qualcosa di nuovo, approfondire le tue conoscenze sul fitness o semplicemente trovare motivazione, siamo lieti che tu faccia parte della nostra community. Esplora i nostri articoli, segui le tue categorie preferite e facci sapere come possiamo aiutarti a raggiungere i tuoi obiettivi.<\/p>","protected":false},"excerpt":{"rendered":"<p>Benvenuti su Risevora! Siamo una piattaforma online appassionata, dedicata ad aiutare le persone a condurre una vita pi\u00f9 sana, forte e attiva attraverso contenuti di alta qualit\u00e0, approfondimenti di esperti e consigli pratici. Noi di Risevora crediamo che tutti possano migliorare il proprio percorso di fitness, indipendentemente dal punto di partenza. La nostra missione \u00e8 fornire informazioni affidabili, coinvolgenti e concrete che diano potere alle persone [\u2026]<\/p>","protected":false},"author":267,"featured_media":0,"parent":0,"menu_order":0,"comment_status":"closed","ping_status":"closed","template":"","meta":{"footnotes":""},"_links":{"self":[{"href":"https:\/\/risevora.com\/it\/wp-json\/wp\/v2\/pages\/6"}],"collection":[{"href":"https:\/\/risevora.com\/it\/wp-json\/wp\/v2\/pages"}],"about":[{"href":"https:\/\/risevora.com\/it\/wp-json\/wp\/v2\/types\/page"}],"author":[{"embeddable":true,"href":"https:\/\/risevora.com\/it\/wp-json\/wp\/v2\/users\/267"}],"replies":[{"embeddable":true,"href":"https:\/\/risevora.com\/it\/wp-json\/wp\/v2\/comments?post=6"}],"version-history":[{"count":2,"href":"https:\/\/risevora.com\/it\/wp-json\/wp\/v2\/pages\/6\/revisions"}],"predecessor-version":[{"id":697,"href":"https:\/\/risevora.com\/it\/wp-json\/wp\/v2\/pages\/6\/revisions\/697"}],"wp:attachment":[{"href":"https:\/\/risevora.com\/it\/wp-json\/wp\/v2\/media?parent=6"}],"curies":[{"name":"wp","href":"https:\/\/api.w.org\/{rel}","templated":true}]}}