    {"id":10,"date":"2026-02-09T12:11:48","date_gmt":"2026-02-09T12:11:48","guid":{"rendered":"https:\/\/risevora.com\/?page_id=10"},"modified":"2026-02-09T12:11:49","modified_gmt":"2026-02-09T12:11:49","slug":"contact-us","status":"publish","type":"page","link":"https:\/\/risevora.com\/pt\/contact-us\/","title":{"rendered":"Contate-nos"},"content":{"rendered":"<p>Bem-vindo \u00e0 nossa p\u00e1gina de Contato. Aqui voc\u00ea encontra ajuda e informa\u00e7\u00f5es. Oferecemos suporte r\u00e1pido e profissional, facilitando o contato conosco.<\/p>\n\n\n\n<p>Precisa entrar em contato rapidamente? Envie um e-mail, ligue ou abra um chamado de suporte. Voc\u00ea encontrar\u00e1 todas as informa\u00e7\u00f5es de contato necess\u00e1rias nesta p\u00e1gina. \u00c9 f\u00e1cil entrar em contato com nossa central de ajuda e atendimento ao cliente.<\/p>\n\n\n\n<h2 class=\"wp-block-heading\">contact@risevora.com<\/h2>\n\n\n\n<p>Voc\u00ea pode esperar uma resposta r\u00e1pida durante nosso hor\u00e1rio de atendimento.<\/p>\n\n\n\n<p><\/p>","protected":false},"excerpt":{"rendered":"<p>Welcome to our Contact Us page. It&#8217;s where you can find help or information. We offer quick, professional support and make it easy to reach us. Need to get in touch fast? Email, call, or open a support ticket. You&#8217;ll find all the contact details you need on this page. It&#8217;s easy to reach our [&hellip;]<\/p>","protected":false},"author":267,"featured_media":0,"parent":0,"menu_order":0,"comment_status":"closed","ping_status":"closed","template":"","meta":{"footnotes":""},"_links":{"self":[{"href":"https:\/\/risevora.com\/pt\/wp-json\/wp\/v2\/pages\/10"}],"collection":[{"href":"https:\/\/risevora.com\/pt\/wp-json\/wp\/v2\/pages"}],"about":[{"href":"https:\/\/risevora.com\/pt\/wp-json\/wp\/v2\/types\/page"}],"author":[{"embeddable":true,"href":"https:\/\/risevora.com\/pt\/wp-json\/wp\/v2\/users\/267"}],"replies":[{"embeddable":true,"href":"https:\/\/risevora.com\/pt\/wp-json\/wp\/v2\/comments?post=10"}],"version-history":[{"count":1,"href":"https:\/\/risevora.com\/pt\/wp-json\/wp\/v2\/pages\/10\/revisions"}],"predecessor-version":[{"id":669,"href":"https:\/\/risevora.com\/pt\/wp-json\/wp\/v2\/pages\/10\/revisions\/669"}],"wp:attachment":[{"href":"https:\/\/risevora.com\/pt\/wp-json\/wp\/v2\/media?parent=10"}],"curies":[{"name":"wp","href":"https:\/\/api.w.org\/{rel}","templated":true}]}}