    {"id":6,"date":"2026-02-09T12:12:17","date_gmt":"2026-02-09T12:12:17","guid":{"rendered":"https:\/\/risevora.com\/?page_id=6"},"modified":"2026-02-11T19:14:01","modified_gmt":"2026-02-11T19:14:01","slug":"about-us","status":"publish","type":"page","link":"https:\/\/risevora.com\/pt\/about-us\/","title":{"rendered":"Sobre n\u00f3s"},"content":{"rendered":"<p>Bem-vindo(a) ao <strong>Risevora<\/strong>Somos uma plataforma online apaixonada, dedicada a ajudar as pessoas a terem vidas mais saud\u00e1veis, fortes e ativas por meio de conte\u00fado de alta qualidade, insights de especialistas e conselhos pr\u00e1ticos.<\/p>\n\n\n\n<p>Na Risevora, acreditamos que todos podem melhorar sua jornada de fitness, independentemente do ponto de partida. Nossa miss\u00e3o \u00e9 fornecer <strong>Informa\u00e7\u00f5es confi\u00e1veis, envolventes e pr\u00e1ticas<\/strong> Isso lhe permite treinar de forma mais inteligente, viver ativamente e manter-se motivado a cada passo do caminho.<\/p>\n\n\n\n<hr class=\"wp-block-separator has-alpha-channel-opacity\" \/>\n\n\n\n<h3 class=\"wp-block-heading\">Quem somos<\/h3>\n\n\n\n<p>A Risevora foi criada por uma equipe de entusiastas do fitness e escritores de estilo de vida que perceberam a necessidade de guias claros e pr\u00e1ticos que eliminassem a confus\u00e3o. Nosso compromisso \u00e9 ajudar nosso p\u00fablico a melhorar sua sa\u00fade f\u00edsica, rotinas de treino e bem-estar di\u00e1rio \u2014 sem confus\u00e3o ou d\u00favidas.<\/p>\n\n\n\n<hr class=\"wp-block-separator has-alpha-channel-opacity\" \/>\n\n\n\n<h3 class=\"wp-block-heading\">O que oferecemos<\/h3>\n\n\n\n<p>Na Risevora, voc\u00ea encontrar\u00e1 conte\u00fado bem pesquisado e f\u00e1cil de seguir em diversas categorias principais que apoiam seus objetivos de condicionamento f\u00edsico e estilo de vida:<\/p>\n\n\n\n<ul>\n<li><strong>Atividades atl\u00e9ticas<\/strong> \u2014 Dicas, t\u00e9cnicas e inspira\u00e7\u00e3o para todos os tipos de atividades atl\u00e9ticas, seja voc\u00ea iniciante ou atleta de alto n\u00edvel.<\/li>\n\n\n\n<li><strong>Treinamento Inteligente<\/strong> \u2014 Estrat\u00e9gias de treino inteligentes, comprovadas pela ci\u00eancia, para ajudar voc\u00ea a treinar com mais efici\u00eancia e evitar erros comuns.<\/li>\n\n\n\n<li><strong>Rotina ativa<\/strong> \u2014 Conselhos pr\u00e1ticos sobre como incorporar h\u00e1bitos regulares de movimento \u00e0 sua rotina di\u00e1ria, incluindo exerc\u00edcios que se encaixam em sua rotina em casa, na academia ou em viagens.<\/li>\n\n\n\n<li><strong>Recupera\u00e7\u00e3o<\/strong> \u2014 Orienta\u00e7\u00f5es sobre repouso, m\u00e9todos de recupera\u00e7\u00e3o, preven\u00e7\u00e3o de les\u00f5es e como otimizar seu corpo para um desempenho a longo prazo.<\/li>\n\n\n\n<li><strong>Estilo de vida ativo<\/strong> \u2014 Conte\u00fado mais abrangente sobre estilo de vida que complementa o condicionamento f\u00edsico \u2014 como bem-estar, motiva\u00e7\u00e3o e dicas para uma vida saud\u00e1vel.<\/li>\n<\/ul>\n\n\n\n<hr class=\"wp-block-separator has-alpha-channel-opacity\" \/>\n\n\n\n<h3 class=\"wp-block-heading\">Nossa miss\u00e3o<\/h3>\n\n\n\n<p>Somos movidos por uma miss\u00e3o simples: <strong>Tornar o condicionamento f\u00edsico e a vida saud\u00e1vel acess\u00edveis a todos.<\/strong>Independentemente da idade, experi\u00eancia ou forma\u00e7\u00e3o, queremos ser sua fonte confi\u00e1vel de informa\u00e7\u00f5es que inspiram, informam e ajudam voc\u00ea a alcan\u00e7ar resultados reais.<\/p>\n\n\n\n<hr class=\"wp-block-separator has-alpha-channel-opacity\" \/>\n\n\n\n<h3 class=\"wp-block-heading\">Por que Risevora existe<\/h3>\n\n\n\n<p>Sabemos o qu\u00e3o avassalador pode ser o conte\u00fado sobre fitness online. \u00c9 por isso que priorizamos a qualidade em vez da quantidade, oferecendo artigos que s\u00e3o <strong>Bem pesquisado, claramente explicado e genuinamente \u00fatil.<\/strong>Nosso objetivo \u00e9 ajud\u00e1-lo(a) a criar h\u00e1bitos melhores, manter a consist\u00eancia e sentir-se confiante em sua jornada rumo a uma vida mais ativa.<\/p>\n\n\n\n<hr class=\"wp-block-separator has-alpha-channel-opacity\" \/>\n\n\n\n<h3 class=\"wp-block-heading\">Junte-se \u00e0 nossa comunidade<\/h3>\n\n\n\n<p>Obrigado por visitar o Risevora! Seja para aprender algo novo, aprofundar seus conhecimentos sobre fitness ou simplesmente encontrar motiva\u00e7\u00e3o, ficamos felizes por voc\u00ea fazer parte da nossa comunidade. Explore nossos artigos, siga suas categorias favoritas e conte-nos como podemos ajudar voc\u00ea a alcan\u00e7ar seus objetivos.<\/p>","protected":false},"excerpt":{"rendered":"<p>Welcome to Risevora! We\u2019re a passionate online platform dedicated to helping people lead healthier, stronger, and more active lives through high-quality content, expert insights, and practical advice. At Risevora, we believe that everyone can improve their fitness journey, no matter their starting point. Our mission is to provide reliable, engaging, and actionable information that empowers [&hellip;]<\/p>","protected":false},"author":267,"featured_media":0,"parent":0,"menu_order":0,"comment_status":"closed","ping_status":"closed","template":"","meta":{"footnotes":""},"_links":{"self":[{"href":"https:\/\/risevora.com\/pt\/wp-json\/wp\/v2\/pages\/6"}],"collection":[{"href":"https:\/\/risevora.com\/pt\/wp-json\/wp\/v2\/pages"}],"about":[{"href":"https:\/\/risevora.com\/pt\/wp-json\/wp\/v2\/types\/page"}],"author":[{"embeddable":true,"href":"https:\/\/risevora.com\/pt\/wp-json\/wp\/v2\/users\/267"}],"replies":[{"embeddable":true,"href":"https:\/\/risevora.com\/pt\/wp-json\/wp\/v2\/comments?post=6"}],"version-history":[{"count":2,"href":"https:\/\/risevora.com\/pt\/wp-json\/wp\/v2\/pages\/6\/revisions"}],"predecessor-version":[{"id":697,"href":"https:\/\/risevora.com\/pt\/wp-json\/wp\/v2\/pages\/6\/revisions\/697"}],"wp:attachment":[{"href":"https:\/\/risevora.com\/pt\/wp-json\/wp\/v2\/media?parent=6"}],"curies":[{"name":"wp","href":"https:\/\/api.w.org\/{rel}","templated":true}]}}