    {"id":6,"date":"2026-02-09T12:12:17","date_gmt":"2026-02-09T12:12:17","guid":{"rendered":"https:\/\/risevora.com\/?page_id=6"},"modified":"2026-02-11T19:14:01","modified_gmt":"2026-02-11T19:14:01","slug":"about-us","status":"publish","type":"page","link":"https:\/\/risevora.com\/ro\/about-us\/","title":{"rendered":"Despre noi"},"content":{"rendered":"<p>Bine a\u021bi venit la <strong>Risevora<\/strong>Suntem o platform\u0103 online pasionat\u0103, dedicat\u0103 s\u0103 ajute oamenii s\u0103 duc\u0103 o via\u021b\u0103 mai s\u0103n\u0103toas\u0103, mai puternic\u0103 \u0219i mai activ\u0103 prin con\u021binut de \u00eenalt\u0103 calitate, informa\u021bii de specialitate \u0219i sfaturi practice.<\/p>\n\n\n\n<p>La Risevora, credem c\u0103 oricine \u00ee\u0219i poate \u00eembun\u0103t\u0103\u021bi parcursul \u00een materie de fitness, indiferent de punctul de plecare. Misiunea noastr\u0103 este s\u0103 oferim <strong>informa\u021bii fiabile, captivante \u0219i practice<\/strong> care te ajut\u0103 s\u0103 te antrenezi mai inteligent, s\u0103 tr\u0103ie\u0219ti activ \u0219i s\u0103 r\u0103m\u00e2i motivat la fiecare pas.<\/p>\n\n\n\n<hr class=\"wp-block-separator has-alpha-channel-opacity\" \/>\n\n\n\n<h3 class=\"wp-block-heading\">Cine suntem<\/h3>\n\n\n\n<p>Risevora a fost creat\u0103 de o echip\u0103 de pasiona\u021bi de fitness \u0219i scriitori de lifestyle care au sim\u021bit nevoia unor ghiduri clare \u0219i practice, care s\u0103 ias\u0103 \u00een eviden\u021b\u0103. Ne angaj\u0103m s\u0103 ajut\u0103m publicul nostru s\u0103 \u00ee\u0219i \u00eembun\u0103t\u0103\u021beasc\u0103 s\u0103n\u0103tatea fizic\u0103, rutinele de antrenament \u0219i bun\u0103starea de zi cu zi - f\u0103r\u0103 confuzie sau incertitudini.<\/p>\n\n\n\n<hr class=\"wp-block-separator has-alpha-channel-opacity\" \/>\n\n\n\n<h3 class=\"wp-block-heading\">Ce oferim<\/h3>\n\n\n\n<p>Pe Risevora, ve\u021bi g\u0103si con\u021binut bine documentat \u0219i u\u0219or de urm\u0103rit, \u00een mai multe categorii principale care v\u0103 sus\u021bin obiectivele de fitness \u0219i stil de via\u021b\u0103:<\/p>\n\n\n\n<ul>\n<li><strong>Activit\u0103\u021bi atletice<\/strong> \u2014 Sfaturi, tehnici \u0219i inspira\u021bie pentru tot felul de activit\u0103\u021bi sportive, indiferent dac\u0103 abia \u00eencepi sau te antrenezi la un nivel superior.<\/li>\n\n\n\n<li><strong>Antrenament inteligent<\/strong> \u2014 Strategii inteligente de antrenament sus\u021binute \u0219tiin\u021bific pentru a te ajuta s\u0103 te antrenezi mai eficient \u0219i s\u0103 evi\u021bi gre\u0219elile comune.<\/li>\n\n\n\n<li><strong>Rutin\u0103 activ\u0103<\/strong> \u2014 Sfaturi practice despre cum s\u0103 integra\u021bi obiceiuri de mi\u0219care regulat\u0103 \u00een via\u021ba de zi cu zi, inclusiv antrenamente care se potrivesc programului de acas\u0103, la sal\u0103 sau \u00een c\u0103l\u0103torii.<\/li>\n\n\n\n<li><strong>Recuperare<\/strong> \u2014 \u00cendrum\u0103ri privind odihna, metodele de recuperare, prevenirea accident\u0103rilor \u0219i cum s\u0103 v\u0103 optimiza\u021bi corpul pentru performan\u021ba pe termen lung.<\/li>\n\n\n\n<li><strong>Stil de via\u021b\u0103 activ<\/strong> \u2014 Con\u021binut mai amplu despre stilul de via\u021b\u0103 care completeaz\u0103 fitness-ul \u2014 cum ar fi sfaturi despre wellness, motiva\u021bie \u0219i un stil de via\u021b\u0103 s\u0103n\u0103tos.<\/li>\n<\/ul>\n\n\n\n<hr class=\"wp-block-separator has-alpha-channel-opacity\" \/>\n\n\n\n<h3 class=\"wp-block-heading\">Misiunea noastr\u0103<\/h3>\n\n\n\n<p>Suntem ghida\u021bi de o misiune simpl\u0103: <strong>pentru a face fitness-ul \u0219i un stil de via\u021b\u0103 s\u0103n\u0103tos accesibile tuturor<\/strong>, indiferent de v\u00e2rst\u0103, experien\u021b\u0103 sau preg\u0103tire. Dorim s\u0103 fim resursa dumneavoastr\u0103 de \u00eencredere pentru informa\u021bii care s\u0103 v\u0103 inspire, s\u0103 v\u0103 informeze \u0219i s\u0103 v\u0103 ajute s\u0103 ob\u021bine\u021bi rezultate reale.<\/p>\n\n\n\n<hr class=\"wp-block-separator has-alpha-channel-opacity\" \/>\n\n\n\n<h3 class=\"wp-block-heading\">De ce exist\u0103 Risevora<\/h3>\n\n\n\n<p>\u00cen\u021belegem c\u00e2t de cople\u0219itor poate fi con\u021binutul online despre fitness. De aceea ne concentr\u0103m pe calitate \u00een detrimentul cantit\u0103\u021bii - oferind articole care sunt... <strong>bine documentat, clar explicat \u0219i cu adev\u0103rat util<\/strong>Scopul nostru este s\u0103 te ajut\u0103m s\u0103-\u021bi construie\u0219ti obiceiuri mai bune, s\u0103 r\u0103m\u00e2i consecvent \u0219i s\u0103 te sim\u021bi \u00eencrez\u0103tor \u00een c\u0103l\u0103toria ta c\u0103tre o via\u021b\u0103 mai activ\u0103.<\/p>\n\n\n\n<hr class=\"wp-block-separator has-alpha-channel-opacity\" \/>\n\n\n\n<h3 class=\"wp-block-heading\">Al\u0103tur\u0103-te comunit\u0103\u021bii noastre<\/h3>\n\n\n\n<p>\u00ce\u021bi mul\u021bumim c\u0103 ai vizitat Risevora! Indiferent dac\u0103 e\u0219ti aici pentru a \u00eenv\u0103\u021ba ceva nou, a-\u021bi aprofunda cuno\u0219tin\u021bele despre fitness sau pur \u0219i simplu pentru a g\u0103si motiva\u021bie, ne bucur\u0103m c\u0103 faci parte din comunitatea noastr\u0103. Exploreaz\u0103 articolele noastre, urm\u0103re\u0219te categoriile tale preferate \u0219i spune-ne cum te putem sprijini \u00een atingerea obiectivelor tale.<\/p>","protected":false},"excerpt":{"rendered":"<p>Welcome to Risevora! We\u2019re a passionate online platform dedicated to helping people lead healthier, stronger, and more active lives through high-quality content, expert insights, and practical advice. At Risevora, we believe that everyone can improve their fitness journey, no matter their starting point. Our mission is to provide reliable, engaging, and actionable information that empowers [&hellip;]<\/p>","protected":false},"author":267,"featured_media":0,"parent":0,"menu_order":0,"comment_status":"closed","ping_status":"closed","template":"","meta":{"footnotes":""},"_links":{"self":[{"href":"https:\/\/risevora.com\/ro\/wp-json\/wp\/v2\/pages\/6"}],"collection":[{"href":"https:\/\/risevora.com\/ro\/wp-json\/wp\/v2\/pages"}],"about":[{"href":"https:\/\/risevora.com\/ro\/wp-json\/wp\/v2\/types\/page"}],"author":[{"embeddable":true,"href":"https:\/\/risevora.com\/ro\/wp-json\/wp\/v2\/users\/267"}],"replies":[{"embeddable":true,"href":"https:\/\/risevora.com\/ro\/wp-json\/wp\/v2\/comments?post=6"}],"version-history":[{"count":2,"href":"https:\/\/risevora.com\/ro\/wp-json\/wp\/v2\/pages\/6\/revisions"}],"predecessor-version":[{"id":697,"href":"https:\/\/risevora.com\/ro\/wp-json\/wp\/v2\/pages\/6\/revisions\/697"}],"wp:attachment":[{"href":"https:\/\/risevora.com\/ro\/wp-json\/wp\/v2\/media?parent=6"}],"curies":[{"name":"wp","href":"https:\/\/api.w.org\/{rel}","templated":true}]}}